{"id":6,"date":"2022-10-10T15:41:22","date_gmt":"2022-10-10T13:41:22","guid":{"rendered":"http:\/\/homepage-caffe.webdesignstudio.rs\/?page_id=6"},"modified":"2023-01-13T07:54:38","modified_gmt":"2023-01-13T06:54:38","slug":"home","status":"publish","type":"page","link":"https:\/\/homepage-caffe.webdesignstudio.rs\/","title":{"rendered":"Home"},"content":{"rendered":"<!-- wp:themify-builder\/canvas \/-->\n\n<!--themify_builder_static--><h3 data-show-transition=\"up\" data-hide-transition=\"up\" data-show-duration=\"1000\" data-show-delay=\"300\" data-hide-duration=\"1000\" data-hide-delay=\"0\" >Vreme ja za kaficu <\/h3> <p>Prva pauza na poslu je rezervisana za kaficu<\/p> <a href=\"\" data-show-transition=\"up\" data-hide-transition=\"up\" data-show-duration=\"1000\" data-show-delay=\"900\" data-hide-duration=\"1000\" data-hide-delay=\"0\" > Saznaj vi\u0161e <\/a> <h3 data-show-transition=\"up\" data-hide-transition=\"up\" data-show-duration=\"1000\" data-show-delay=\"300\" data-hide-duration=\"1000\" data-hide-delay=\"0\" >Za svakoga po ne\u0161to <\/h3> <p>Ako ste probirljivi nije problem imamo veliki izbor najkvalitetnije kafe<\/p> <a href=\"\" data-show-transition=\"up\" data-hide-transition=\"up\" data-show-duration=\"1000\" data-show-delay=\"900\" data-hide-duration=\"1000\" data-hide-delay=\"0\" > Saznaj vi\u0161e <\/a> <h3 data-show-transition=\"up\" data-hide-transition=\"up\" data-show-duration=\"1000\" data-show-delay=\"300\" data-hide-duration=\"1000\" data-hide-delay=\"0\" >Kafica i doru\u010dak <\/h3> <p>Ako \u017eelite da uz kaficu gricnete ukusne kroasane tu smo za vas<\/p> <a href=\"\" data-show-transition=\"up\" data-hide-transition=\"up\" data-show-duration=\"1000\" data-show-delay=\"900\" data-hide-duration=\"1000\" data-hide-delay=\"0\" > Saznaj vi\u0161e <\/a>\n<h2>\u0160ta vam nudimo<br\/><\/h2>\n<p>Nullam dictum vehicula lobortis. Nulla leo leo, pulvinar non ex vitae, pulvinar congue nibh. Suspendisse ac ex tincidunt, interdum tortor nec, varius quam. Quisque sit amet magna massa.<\/p>\n<img loading=\"lazy\" decoding=\"async\" src=\"http:\/\/homepage-caffe.webdesignstudio.rs\/wp-content\/uploads\/2022\/11\/coffee-1.jpg\" width=\"1280\" height=\"1280\" title=\"Doru\u010dak do 11\" alt=\"Curabitur vestibulum ut enim in suscipit. Nam faucibus erat rhoncus augue ultrices, in auctor orci dapibus. Proin pellentesque mauris velit, at gravida mi fringilla quis. Aenean porta dui ac est ornare, nec tincidunt risus porta.\"> <h3> Doru\u010dak do 11 <\/h3> Curabitur vestibulum ut enim in suscipit. Nam faucibus erat rhoncus augue ultrices, in auctor orci dapibus. Proin pellentesque mauris velit, at gravida mi fringilla quis. Aenean porta dui ac est ornare, nec tincidunt risus porta.\n<img loading=\"lazy\" decoding=\"async\" src=\"http:\/\/homepage-caffe.webdesignstudio.rs\/wp-content\/uploads\/2022\/11\/coffee-3.jpg\" width=\"1080\" height=\"1080\" title=\"Ukusni slatki\u0161i\" alt=\"Curabitur vestibulum ut enim in suscipit. Nam faucibus erat rhoncus augue ultrices, in auctor orci dapibus. Proin pellentesque mauris velit, at gravida mi fringilla quis. Aenean porta dui ac est ornare, nec tincidunt risus porta.\"> <h3> Ukusni slatki\u0161i <\/h3> Curabitur vestibulum ut enim in suscipit. Nam faucibus erat rhoncus augue ultrices, in auctor orci dapibus. Proin pellentesque mauris velit, at gravida mi fringilla quis. Aenean porta dui ac est ornare, nec tincidunt risus porta.\n<img loading=\"lazy\" decoding=\"async\" src=\"http:\/\/homepage-caffe.webdesignstudio.rs\/wp-content\/uploads\/2022\/11\/coffee-2.jpg\" width=\"1080\" height=\"1080\" title=\"Proslave\" alt=\"Curabitur vestibulum ut enim in suscipit. Nam faucibus erat rhoncus augue ultrices, in auctor orci dapibus. Proin pellentesque mauris velit, at gravida mi fringilla quis. Aenean porta dui ac est ornare, nec tincidunt risus porta.\"> <h3> Proslave <\/h3> Curabitur vestibulum ut enim in suscipit. Nam faucibus erat rhoncus augue ultrices, in auctor orci dapibus. Proin pellentesque mauris velit, at gravida mi fringilla quis. Aenean porta dui ac est ornare, nec tincidunt risus porta.\n<h2>Meni<\/h2>\n<img loading=\"lazy\" decoding=\"async\" src=\"http:\/\/homepage-caffe.webdesignstudio.rs\/wp-content\/uploads\/2022\/11\/coffee-3.jpg\" width=\"100\" height=\"1080\" alt=\"Kafa i krofna\"> \n <h4 class='tb-menu-title'>Kafa i krofna<\/h4> Ut placerat lacinia commodo. \n 200 din <br\/>\n<img loading=\"lazy\" decoding=\"async\" src=\"http:\/\/homepage-caffe.webdesignstudio.rs\/wp-content\/uploads\/2022\/11\/Coffee-7.jpg\" width=\"100\" height=\"1280\" alt=\"Kafa i kroasan\"> \n <h4 class='tb-menu-title'>Kafa i kroasan<\/h4> Ut placerat lacinia commodo. \n 300 din <br\/>\n<img loading=\"lazy\" decoding=\"async\" src=\"http:\/\/homepage-caffe.webdesignstudio.rs\/wp-content\/uploads\/2022\/11\/coffee-8.jpg\" width=\"100\" height=\"1280\" alt=\"Proja\"> \n <h4 class='tb-menu-title'>Proja<\/h4> Ut placerat lacinia commodo. \n 390 din <br\/>\n<img loading=\"lazy\" decoding=\"async\" src=\"http:\/\/homepage-caffe.webdesignstudio.rs\/wp-content\/uploads\/2022\/11\/coffee-9.jpg\" width=\"100\" height=\"1280\" alt=\"Jaja i \u0161unkarica\"> \n <h4 class='tb-menu-title'>Jaja i \u0161unkarica<\/h4> Ut placerat lacinia commodo. \n 500 din <br\/>\n<img loading=\"lazy\" decoding=\"async\" src=\"http:\/\/homepage-caffe.webdesignstudio.rs\/wp-content\/uploads\/2022\/11\/coffee-10.jpg\" width=\"100\" height=\"1280\" alt=\"Smoothie\"> \n <h4 class='tb-menu-title'>Smoothie<\/h4> Ut placerat lacinia commodo. \n 900 din <br\/>\n<img loading=\"lazy\" decoding=\"async\" src=\"http:\/\/homepage-caffe.webdesignstudio.rs\/wp-content\/uploads\/2022\/11\/coffee-11.jpg\" width=\"100\" height=\"1280\" alt=\"Sendvi\u010d\"> \n <h4 class='tb-menu-title'>Sendvi\u010d<\/h4> Ut placerat lacinia commodo. \n 780 din <br\/>\n<h2>Zabavite se kod nas<\/h2>\n<p>Curabitur vestibulum ut enim in suscipit. Nam faucibus erat rhoncus augue ultrices, in auctor orci dapibus. Proin pellentesque mauris velit, at gravida mi fringilla quis. Aenean porta dui ac est ornare, nec tincidunt risus porta.<\/p>\n<h3>Team building<\/h3> <p>\u00a0Lorem ipsum dolor sit amet, consectetur adipiscing elit. Quisque fermentum tempus maximus. Orci varius natoque penatibus et magnis dis parturient montes, nascetur ridiculus mus. Nulla egestas tellus nec blandit maximus. Phasellus et lorem id risus dignissim luctus. Mauris nec facilisis augue. Proin euismod tempus urna, sit amet posuere erat dapibus at.<\/p>\n<h3>Promocije<\/h3> <p>\u00a0Lorem ipsum dolor sit amet, consectetur adipiscing elit. Quisque fermentum tempus maximus. Orci varius natoque penatibus et magnis dis parturient montes, nascetur ridiculus mus. Nulla egestas tellus nec blandit maximus. Phasellus et lorem id risus dignissim luctus. Mauris nec facilisis augue. Proin euismod tempus urna, sit amet posuere erat dapibus at.<\/p>\n<h3>Radionice<\/h3> <p>\u00a0Lorem ipsum dolor sit amet, consectetur adipiscing elit. Quisque fermentum tempus maximus. Orci varius natoque penatibus et magnis dis parturient montes, nascetur ridiculus mus. Nulla egestas tellus nec blandit maximus. Phasellus et lorem id risus dignissim luctus. Mauris nec facilisis augue. Proin euismod tempus urna, sit amet posuere erat dapibus at.<\/p>\n<h2>Na putu do posla<\/h2>\n<p>Curabitur vestibulum ut enim in suscipit. Nam faucibus erat rhoncus augue ultrices, in auctor orci dapibus. Proin pellentesque mauris velit, at gravida mi fringilla quis. Aenean porta dui ac est ornare, nec tincidunt risus porta.<\/p>\n<a href=\"https:\/\/themify.me\/\" > Poru\u010di <\/a>\n<h2>Kontakt<\/h2>\n<em style=\"color: #facb36\"><svg aria-hidden=\"true\"><use href=\"#tf-fas-home\"><\/use><\/svg><\/em> Zmaj Jovina 23, Novi Sad\n<em style=\"color: #facb36\"><svg aria-hidden=\"true\"><use href=\"#tf-fas-phone\"><\/use><\/svg><\/em> 062 629 713\n<em style=\"color: #facb36\"><svg aria-hidden=\"true\"><use href=\"#tf-fas-envelope\"><\/use><\/svg><\/em> info@coffee.com\n<em style=\"color: #facb36\"><svg aria-hidden=\"true\"><use href=\"#tf-fas-globe-americas\"><\/use><\/svg><\/em> coffeetogo.com\n<form action=\"https:\/\/homepage-caffe.webdesignstudio.rs\/wp-admin\/admin-ajax.php\" class=\"builder-contact\" id=\"tb_20yc10-form\" method=\"post\" data-post-id=\"0\" data-element-id=\"20yc10\" data-orig-id=\"\" > <label for=\"tb_20yc10-contact-name\"><\/label> <input type=\"text\" name=\"contact-name\" placeholder=\"Ime i prezime\" id=\"tb_20yc10-contact-name\" value=\"\" required> <label for=\"tb_20yc10-contact-email\"><\/label> <input type=\"text\" name=\"contact-email\" placeholder=\"Email\" id=\"tb_20yc10-contact-email\" value=\"\" required> <label for=\"tb_20yc10-contact-message\"><\/label> <textarea name=\"contact-message\" placeholder=\"Tekst poruke\" id=\"tb_20yc10-contact-message\"><\/textarea> <button type=\"submit\">Po\u0161alji poruku<\/button> <\/form><!--\/themify_builder_static-->","protected":false},"excerpt":{"rendered":"<p>Vreme ja za kaficu Prva pauza na poslu je rezervisana za kaficu Saznaj vi\u0161e Za svakoga po ne\u0161to Ako ste probirljivi nije problem imamo veliki izbor najkvalitetnije kafe Saznaj vi\u0161e Kafica i doru\u010dak Ako \u017eelite da uz kaficu gricnete ukusne kroasane tu smo za vas Saznaj vi\u0161e \u0160ta vam nudimo Nullam dictum vehicula lobortis. Nulla [&hellip;]<\/p>\n","protected":false},"author":1,"featured_media":0,"parent":0,"menu_order":0,"comment_status":"closed","ping_status":"closed","template":"","meta":{"footnotes":""},"class_list":["post-6","page","type-page","status-publish","hentry","has-post-title","has-post-date","has-post-category","has-post-tag","has-post-comment","has-post-author",""],"builder_content":"<h2>\u0160ta vam nudimo<br\/><\/h2>\n<p>Nullam dictum vehicula lobortis. Nulla leo leo, pulvinar non ex vitae, pulvinar congue nibh. Suspendisse ac ex tincidunt, interdum tortor nec, varius quam. Quisque sit amet magna massa.<\/p>\n<img src=\"http:\/\/homepage-caffe.webdesignstudio.rs\/wp-content\/uploads\/2022\/11\/coffee-1.jpg\" width=\"1280\" height=\"1280\" title=\"Doru\u010dak do 11\" alt=\"Curabitur vestibulum ut enim in suscipit. Nam faucibus erat rhoncus augue ultrices, in auctor orci dapibus. Proin pellentesque mauris velit, at gravida mi fringilla quis. Aenean porta dui ac est ornare, nec tincidunt risus porta.\"> <h3> Doru\u010dak do 11 <\/h3> Curabitur vestibulum ut enim in suscipit. Nam faucibus erat rhoncus augue ultrices, in auctor orci dapibus. Proin pellentesque mauris velit, at gravida mi fringilla quis. Aenean porta dui ac est ornare, nec tincidunt risus porta.\n<img src=\"http:\/\/homepage-caffe.webdesignstudio.rs\/wp-content\/uploads\/2022\/11\/coffee-3.jpg\" width=\"1080\" height=\"1080\" title=\"Ukusni slatki\u0161i\" alt=\"Curabitur vestibulum ut enim in suscipit. Nam faucibus erat rhoncus augue ultrices, in auctor orci dapibus. Proin pellentesque mauris velit, at gravida mi fringilla quis. Aenean porta dui ac est ornare, nec tincidunt risus porta.\"> <h3> Ukusni slatki\u0161i <\/h3> Curabitur vestibulum ut enim in suscipit. Nam faucibus erat rhoncus augue ultrices, in auctor orci dapibus. Proin pellentesque mauris velit, at gravida mi fringilla quis. Aenean porta dui ac est ornare, nec tincidunt risus porta.\n<img src=\"http:\/\/homepage-caffe.webdesignstudio.rs\/wp-content\/uploads\/2022\/11\/coffee-2.jpg\" width=\"1080\" height=\"1080\" title=\"Proslave\" alt=\"Curabitur vestibulum ut enim in suscipit. Nam faucibus erat rhoncus augue ultrices, in auctor orci dapibus. Proin pellentesque mauris velit, at gravida mi fringilla quis. Aenean porta dui ac est ornare, nec tincidunt risus porta.\"> <h3> Proslave <\/h3> Curabitur vestibulum ut enim in suscipit. Nam faucibus erat rhoncus augue ultrices, in auctor orci dapibus. Proin pellentesque mauris velit, at gravida mi fringilla quis. Aenean porta dui ac est ornare, nec tincidunt risus porta.\n<h2>Meni<\/h2>\n<img src=\"http:\/\/homepage-caffe.webdesignstudio.rs\/wp-content\/uploads\/2022\/11\/coffee-3.jpg\" width=\"100\" height=\"1080\" alt=\"Kafa i krofna\"> <h4 class='tb-menu-title'>Kafa i krofna<\/h4> Ut placerat lacinia commodo. 200 din <br\/>\n<img src=\"http:\/\/homepage-caffe.webdesignstudio.rs\/wp-content\/uploads\/2022\/11\/Coffee-7.jpg\" width=\"100\" height=\"1280\" alt=\"Kafa i kroasan\"> <h4 class='tb-menu-title'>Kafa i kroasan<\/h4> Ut placerat lacinia commodo. 300 din <br\/>\n<img src=\"http:\/\/homepage-caffe.webdesignstudio.rs\/wp-content\/uploads\/2022\/11\/coffee-8.jpg\" width=\"100\" height=\"1280\" alt=\"Proja\"> <h4 class='tb-menu-title'>Proja<\/h4> Ut placerat lacinia commodo. 390 din <br\/>\n<img src=\"http:\/\/homepage-caffe.webdesignstudio.rs\/wp-content\/uploads\/2022\/11\/coffee-9.jpg\" width=\"100\" height=\"1280\" alt=\"Jaja i \u0161unkarica\"> <h4 class='tb-menu-title'>Jaja i \u0161unkarica<\/h4> Ut placerat lacinia commodo. 500 din <br\/>\n<img src=\"http:\/\/homepage-caffe.webdesignstudio.rs\/wp-content\/uploads\/2022\/11\/coffee-10.jpg\" width=\"100\" height=\"1280\" alt=\"Smoothie\"> <h4 class='tb-menu-title'>Smoothie<\/h4> Ut placerat lacinia commodo. 900 din <br\/>\n<img src=\"http:\/\/homepage-caffe.webdesignstudio.rs\/wp-content\/uploads\/2022\/11\/coffee-11.jpg\" width=\"100\" height=\"1280\" alt=\"Sendvi\u010d\"> <h4 class='tb-menu-title'>Sendvi\u010d<\/h4> Ut placerat lacinia commodo. 780 din <br\/>\n<h2>Zabavite se kod nas<\/h2>\n<p>Curabitur vestibulum ut enim in suscipit. Nam faucibus erat rhoncus augue ultrices, in auctor orci dapibus. Proin pellentesque mauris velit, at gravida mi fringilla quis. Aenean porta dui ac est ornare, nec tincidunt risus porta.<\/p>\n<h3>Team building<\/h3> <p>\u00a0Lorem ipsum dolor sit amet, consectetur adipiscing elit. Quisque fermentum tempus maximus. Orci varius natoque penatibus et magnis dis parturient montes, nascetur ridiculus mus. Nulla egestas tellus nec blandit maximus. Phasellus et lorem id risus dignissim luctus. Mauris nec facilisis augue. Proin euismod tempus urna, sit amet posuere erat dapibus at.<\/p>\n<h3>Promocije<\/h3> <p>\u00a0Lorem ipsum dolor sit amet, consectetur adipiscing elit. Quisque fermentum tempus maximus. Orci varius natoque penatibus et magnis dis parturient montes, nascetur ridiculus mus. Nulla egestas tellus nec blandit maximus. Phasellus et lorem id risus dignissim luctus. Mauris nec facilisis augue. Proin euismod tempus urna, sit amet posuere erat dapibus at.<\/p>\n<h3>Radionice<\/h3> <p>\u00a0Lorem ipsum dolor sit amet, consectetur adipiscing elit. Quisque fermentum tempus maximus. Orci varius natoque penatibus et magnis dis parturient montes, nascetur ridiculus mus. Nulla egestas tellus nec blandit maximus. Phasellus et lorem id risus dignissim luctus. Mauris nec facilisis augue. Proin euismod tempus urna, sit amet posuere erat dapibus at.<\/p>\n<h2>Na putu do posla<\/h2>\n<p>Curabitur vestibulum ut enim in suscipit. Nam faucibus erat rhoncus augue ultrices, in auctor orci dapibus. Proin pellentesque mauris velit, at gravida mi fringilla quis. Aenean porta dui ac est ornare, nec tincidunt risus porta.<\/p>\n<a href=\"https:\/\/themify.me\/\" > Poru\u010di <\/a>\n<h2>Kontakt<\/h2>\n<em style=\"color:#facb36\"><svg aria-hidden=\"true\"><use href=\"#tf-fas-home\"><\/use><\/svg><\/em> Zmaj Jovina 23, Novi Sad\n<em style=\"color:#facb36\"><svg aria-hidden=\"true\"><use href=\"#tf-fas-phone\"><\/use><\/svg><\/em> 062 629 713\n<em style=\"color:#facb36\"><svg aria-hidden=\"true\"><use href=\"#tf-fas-envelope\"><\/use><\/svg><\/em> info@coffee.com\n<em style=\"color:#facb36\"><svg aria-hidden=\"true\"><use href=\"#tf-fas-globe-americas\"><\/use><\/svg><\/em> coffeetogo.com","_links":{"self":[{"href":"https:\/\/homepage-caffe.webdesignstudio.rs\/index.php?rest_route=\/wp\/v2\/pages\/6","targetHints":{"allow":["GET"]}}],"collection":[{"href":"https:\/\/homepage-caffe.webdesignstudio.rs\/index.php?rest_route=\/wp\/v2\/pages"}],"about":[{"href":"https:\/\/homepage-caffe.webdesignstudio.rs\/index.php?rest_route=\/wp\/v2\/types\/page"}],"author":[{"embeddable":true,"href":"https:\/\/homepage-caffe.webdesignstudio.rs\/index.php?rest_route=\/wp\/v2\/users\/1"}],"replies":[{"embeddable":true,"href":"https:\/\/homepage-caffe.webdesignstudio.rs\/index.php?rest_route=%2Fwp%2Fv2%2Fcomments&post=6"}],"version-history":[{"count":58,"href":"https:\/\/homepage-caffe.webdesignstudio.rs\/index.php?rest_route=\/wp\/v2\/pages\/6\/revisions"}],"predecessor-version":[{"id":181,"href":"https:\/\/homepage-caffe.webdesignstudio.rs\/index.php?rest_route=\/wp\/v2\/pages\/6\/revisions\/181"}],"wp:attachment":[{"href":"https:\/\/homepage-caffe.webdesignstudio.rs\/index.php?rest_route=%2Fwp%2Fv2%2Fmedia&parent=6"}],"curies":[{"name":"wp","href":"https:\/\/api.w.org\/{rel}","templated":true}]}}